{"id":1396,"date":"2022-05-16T21:38:21","date_gmt":"2022-05-16T21:38:21","guid":{"rendered":"https:\/\/newdev.online\/nox\/?page_id=1396"},"modified":"2025-04-03T16:51:35","modified_gmt":"2025-04-03T16:51:35","slug":"careers","status":"publish","type":"page","link":"https:\/\/noxinnovations.us\/es\/careers\/","title":{"rendered":"CARRERAS"},"content":{"rendered":"<div data-elementor-type=\"wp-page\" data-elementor-id=\"1396\" class=\"elementor elementor-1396\" data-elementor-post-type=\"page\">\n\t\t\t\t<div class=\"premium-parallax-section-hide elementor-element elementor-element-9bac6bd premium-parallax-yes e-flex e-con-boxed e-con e-parent\" data-pa-parallax=\"{&quot;type&quot;:&quot;scroll&quot;,&quot;speed&quot;:&quot;&quot;,&quot;android&quot;:1,&quot;ios&quot;:1,&quot;size&quot;:&quot;cover&quot;,&quot;repeat&quot;:&quot;no-repeat&quot;}\" data-id=\"9bac6bd\" data-element_type=\"container\" data-e-type=\"container\" data-settings=\"{&quot;background_background&quot;:&quot;classic&quot;}\">\n\t\t\t\t\t<div class=\"e-con-inner\">\n\t\t<div class=\"elementor-element elementor-element-cbd95c8 e-flex e-con-boxed elementor-invisible e-con e-child\" data-id=\"cbd95c8\" data-element_type=\"container\" data-e-type=\"container\" data-settings=\"{&quot;background_background&quot;:&quot;classic&quot;,&quot;motion_fx_motion_fx_scrolling&quot;:&quot;yes&quot;,&quot;motion_fx_translateY_effect&quot;:&quot;yes&quot;,&quot;motion_fx_translateY_speed&quot;:{&quot;unit&quot;:&quot;px&quot;,&quot;size&quot;:6.9,&quot;sizes&quot;:[]},&quot;motion_fx_translateY_affectedRange&quot;:{&quot;unit&quot;:&quot;%&quot;,&quot;size&quot;:&quot;&quot;,&quot;sizes&quot;:{&quot;start&quot;:39,&quot;end&quot;:66}},&quot;animation&quot;:&quot;fadeIn&quot;,&quot;motion_fx_devices&quot;:[&quot;desktop&quot;,&quot;tablet&quot;,&quot;mobile&quot;]}\">\n\t\t\t\t\t<div class=\"e-con-inner\">\n\t\t\t\t<div class=\"elementor-element elementor-element-a87c87f elementor-widget elementor-widget-heading\" data-id=\"a87c87f\" data-element_type=\"widget\" data-e-type=\"widget\" data-widget_type=\"heading.default\">\n\t\t\t\t<div class=\"elementor-widget-container\">\n\t\t\t\t\t<h2 class=\"elementor-heading-title elementor-size-default\">CARRERAS<\/h2>\t\t\t\t<\/div>\n\t\t\t\t<\/div>\n\t\t\t\t<div class=\"elementor-element elementor-element-b6c9cba elementor-widget elementor-widget-heading\" data-id=\"b6c9cba\" data-element_type=\"widget\" data-e-type=\"widget\" data-widget_type=\"heading.default\">\n\t\t\t\t<div class=\"elementor-widget-container\">\n\t\t\t\t\t<h2 class=\"elementor-heading-title elementor-size-default\">EN NOX INNOVACIONES<\/h2>\t\t\t\t<\/div>\n\t\t\t\t<\/div>\n\t\t\t\t\t<\/div>\n\t\t\t\t<\/div>\n\t\t<div class=\"elementor-element elementor-element-a8e850a e-flex e-con-boxed elementor-invisible e-con e-child\" data-id=\"a8e850a\" data-element_type=\"container\" data-e-type=\"container\" data-settings=\"{&quot;background_background&quot;:&quot;classic&quot;,&quot;motion_fx_motion_fx_scrolling&quot;:&quot;yes&quot;,&quot;motion_fx_translateY_effect&quot;:&quot;yes&quot;,&quot;motion_fx_translateY_speed&quot;:{&quot;unit&quot;:&quot;px&quot;,&quot;size&quot;:6.9,&quot;sizes&quot;:[]},&quot;motion_fx_translateY_affectedRange&quot;:{&quot;unit&quot;:&quot;%&quot;,&quot;size&quot;:&quot;&quot;,&quot;sizes&quot;:{&quot;start&quot;:39,&quot;end&quot;:66}},&quot;animation&quot;:&quot;fadeIn&quot;,&quot;motion_fx_devices&quot;:[&quot;desktop&quot;,&quot;tablet&quot;,&quot;mobile&quot;]}\">\n\t\t\t\t\t<div class=\"e-con-inner\">\n\t\t\t\t<div class=\"elementor-element elementor-element-27bf918 elementor-widget__width-inherit elementor-widget elementor-widget-html\" data-id=\"27bf918\" data-element_type=\"widget\" data-e-type=\"widget\" data-widget_type=\"html.default\">\n\t\t\t\t<div class=\"elementor-widget-container\">\n\t\t\t\t\t<div id=\"grnhse_app\"><\/div>\t\t\t\t<\/div>\n\t\t\t\t<\/div>\n\t\t\t\t\t<\/div>\n\t\t\t\t<\/div>\n\t\t<div class=\"elementor-element elementor-element-4f85c18 e-flex e-con-boxed elementor-invisible e-con e-child\" data-id=\"4f85c18\" data-element_type=\"container\" data-e-type=\"container\" data-settings=\"{&quot;background_background&quot;:&quot;classic&quot;,&quot;motion_fx_motion_fx_scrolling&quot;:&quot;yes&quot;,&quot;motion_fx_translateY_effect&quot;:&quot;yes&quot;,&quot;motion_fx_translateY_speed&quot;:{&quot;unit&quot;:&quot;px&quot;,&quot;size&quot;:6.9,&quot;sizes&quot;:[]},&quot;motion_fx_translateY_affectedRange&quot;:{&quot;unit&quot;:&quot;%&quot;,&quot;size&quot;:&quot;&quot;,&quot;sizes&quot;:{&quot;start&quot;:39,&quot;end&quot;:66}},&quot;animation&quot;:&quot;fadeIn&quot;,&quot;motion_fx_devices&quot;:[&quot;desktop&quot;,&quot;tablet&quot;,&quot;mobile&quot;]}\">\n\t\t\t\t\t<div class=\"e-con-inner\">\n\t\t\t\t<div class=\"elementor-element elementor-element-23bb629 elementor-hidden-desktop elementor-hidden-tablet elementor-hidden-mobile elementor-widget elementor-widget-button\" data-id=\"23bb629\" data-element_type=\"widget\" data-e-type=\"widget\" data-widget_type=\"button.default\">\n\t\t\t\t<div class=\"elementor-widget-container\">\n\t\t\t\t\t\t\t\t\t<div class=\"elementor-button-wrapper\">\n\t\t\t\t\t<a class=\"elementor-button elementor-button-link elementor-size-sm\" href=\"https:\/\/noxgroup.us\/careers\" target=\"_blank\">\n\t\t\t\t\t\t<span class=\"elementor-button-content-wrapper\">\n\t\t\t\t\t\t\t\t\t<span class=\"elementor-button-text\">\u00bfNO VES LO QUE EST\u00c1S BUSCANDO? - EXPLORAR TODOS LOS TRABAJOS<\/span>\n\t\t\t\t\t<\/span>\n\t\t\t\t\t<\/a>\n\t\t\t\t<\/div>\n\t\t\t\t\t\t\t\t<\/div>\n\t\t\t\t<\/div>\n\t\t\t\t\t<\/div>\n\t\t\t\t<\/div>\n\t\t\t\t\t<\/div>\n\t\t\t\t<\/div>\n\t\t<div class=\"elementor-element elementor-element-2fc003d e-flex e-con-boxed e-con e-parent\" data-id=\"2fc003d\" data-element_type=\"container\" data-e-type=\"container\" data-settings=\"{&quot;background_background&quot;:&quot;classic&quot;}\">\n\t\t\t\t\t<div class=\"e-con-inner\">\n\t\t\t\t<div class=\"elementor-element elementor-element-62d71b2 elementor-widget elementor-widget-text-editor\" data-id=\"62d71b2\" data-element_type=\"widget\" data-e-type=\"widget\" data-widget_type=\"text-editor.default\">\n\t\t\t\t<div class=\"elementor-widget-container\">\n\t\t\t\t\t\t\t\t\t<p><span style=\"font-weight: 400;\">Nox Innovations es propiedad y est\u00e1 operada por Nox Group, una empresa de distintas compa\u00f1\u00edas que trabajan juntas para elevar la industria de la construcci\u00f3n. <a href=\"https:\/\/noxgroup.us\" target=\"_blank\" rel=\"noopener\">Grupo Nox<\/a> Tiene una larga trayectoria prestando servicios a municipios, instalaciones de infraestructura cr\u00edtica y propietarios de instalaciones industriales.\u00a0<\/span><\/p><p><span style=\"font-weight: 400;\">El Grupo Nox y sus empresas operativas ofrecen la mejor relaci\u00f3n calidad-precio con soluciones innovadoras para garantizar la ejecuci\u00f3n exitosa de todos los proyectos. Esto se logra mediante la ejecuci\u00f3n propia de servicios de contrataci\u00f3n general, electricidad, modelado, prefabricaci\u00f3n y etiquetado.\u00a0<\/span><\/p><p><span style=\"font-weight: 400;\">Para oportunidades empresariales generales, consulte <\/span><span style=\"font-weight: 400;\">Grupo Nox <a href=\"https:\/\/noxgroup.us\/careers\" target=\"_blank\" rel=\"noopener\">carreras<\/a> p\u00e1gina<\/span><span style=\"font-weight: 400;\">.<\/span><\/p>\t\t\t\t\t\t\t\t<\/div>\n\t\t\t\t<\/div>\n\t\t\t\t\t<\/div>\n\t\t\t\t<\/div>\n\t\t<div class=\"elementor-element elementor-element-c7d60c9 e-con-full pa-display-conditions-yes e-flex e-con e-parent\" data-id=\"c7d60c9\" data-element_type=\"container\" data-e-type=\"container\" data-settings=\"{&quot;pa_display_conditions_switcher&quot;:&quot;yes&quot;}\">\n\t\t<div class=\"elementor-element elementor-element-30c02b9 e-con-full e-flex e-con e-child\" data-id=\"30c02b9\" data-element_type=\"container\" data-e-type=\"container\">\n\t\t\t\t<div class=\"elementor-element elementor-element-555a8df elementor-widget elementor-widget-text-editor\" data-id=\"555a8df\" data-element_type=\"widget\" data-e-type=\"widget\" data-widget_type=\"text-editor.default\">\n\t\t\t\t<div class=\"elementor-widget-container\">\n\t\t\t\t\t\t\t\t\t<p>Nuestro <b>Valores fundamentales<\/b> Establecemos nuestras expectativas para cada uno de nuestros empleados y las integramos en todo lo que hacemos. Adaptamos constantemente nuestro software y nuestras t\u00e9cnicas para mantenernos compatibles con la tecnolog\u00eda de vanguardia y el panorama de la construcci\u00f3n en constante cambio. Buscamos continuamente personas que compartan nuestros valores fundamentales para mejorar y contribuir a nuestra misi\u00f3n de cambiar la industria de la construcci\u00f3n como l\u00edderes de opini\u00f3n empoderados.<\/p>\t\t\t\t\t\t\t\t<\/div>\n\t\t\t\t<\/div>\n\t\t\t\t<div class=\"elementor-element elementor-element-10aa550 elementor-widget elementor-widget-heading\" data-id=\"10aa550\" data-element_type=\"widget\" data-e-type=\"widget\" data-widget_type=\"heading.default\">\n\t\t\t\t<div class=\"elementor-widget-container\">\n\t\t\t\t\t<h2 class=\"elementor-heading-title elementor-size-default\">APRENDIZAJE DIN\u00c1MICO<\/h2>\t\t\t\t<\/div>\n\t\t\t\t<\/div>\n\t\t\t\t<div class=\"elementor-element elementor-element-8cff709 elementor-widget elementor-widget-text-editor\" data-id=\"8cff709\" data-element_type=\"widget\" data-e-type=\"widget\" data-widget_type=\"text-editor.default\">\n\t\t\t\t<div class=\"elementor-widget-container\">\n\t\t\t\t\t\t\t\t\t<p>Nuestra sede se encuentra en el suroeste y operamos a nivel mundial. Estamos expandi\u00e9ndonos y buscando personas para sumar a nuestro equipo que puedan aprender en el trabajo y ense\u00f1ar libremente a otros sus conocimientos para lograr la excelencia sostenible. Hay oportunidades remotas disponibles para puestos selectos.<\/p>\t\t\t\t\t\t\t\t<\/div>\n\t\t\t\t<\/div>\n\t\t\t\t<\/div>\n\t\t<div class=\"elementor-element elementor-element-7c39db1 e-con-full elementor-hidden-tablet elementor-hidden-mobile e-flex e-con e-child\" data-id=\"7c39db1\" data-element_type=\"container\" data-e-type=\"container\" data-settings=\"{&quot;background_background&quot;:&quot;slideshow&quot;,&quot;background_slideshow_gallery&quot;:[{&quot;id&quot;:4964,&quot;url&quot;:&quot;https:\\\/\\\/noxinnovations.us\\\/wp-content\\\/uploads\\\/2022\\\/08\\\/wfd-pic.jpg&quot;},{&quot;id&quot;:5142,&quot;url&quot;:&quot;https:\\\/\\\/noxinnovations.us\\\/wp-content\\\/uploads\\\/2022\\\/08\\\/wfd-pic3.jpg&quot;},{&quot;id&quot;:5143,&quot;url&quot;:&quot;https:\\\/\\\/noxinnovations.us\\\/wp-content\\\/uploads\\\/2022\\\/08\\\/wfd-pic2.jpg&quot;}],&quot;background_slideshow_ken_burns&quot;:&quot;yes&quot;,&quot;background_slideshow_loop&quot;:&quot;yes&quot;,&quot;background_slideshow_slide_duration&quot;:5000,&quot;background_slideshow_slide_transition&quot;:&quot;fade&quot;,&quot;background_slideshow_transition_duration&quot;:500,&quot;background_slideshow_ken_burns_zoom_direction&quot;:&quot;in&quot;}\">\n\t\t\t\t<\/div>\n\t\t\t\t<\/div>\n\t\t<div class=\"elementor-element elementor-element-33b6202 e-flex e-con-boxed e-con e-parent\" data-id=\"33b6202\" data-element_type=\"container\" data-e-type=\"container\" data-settings=\"{&quot;background_background&quot;:&quot;classic&quot;}\">\n\t\t\t\t\t<div class=\"e-con-inner\">\n\t\t\t\t<div class=\"elementor-element elementor-element-88f2699 equal elementor-widget elementor-widget-text-editor\" data-id=\"88f2699\" data-element_type=\"widget\" data-e-type=\"widget\" data-widget_type=\"text-editor.default\">\n\t\t\t\t<div class=\"elementor-widget-container\">\n\t\t\t\t\t\t\t\t\t<p><strong>Somos un empleador que ofrece igualdad de oportunidades<\/strong><br \/>Para cumplir con la Norma de Transparencia en la Cobertura, NOX Innovations colabora con sus proveedores de cobertura m\u00e9dica para proporcionar un enlace a sus archivos legibles por m\u00e1quina. Haga clic en las URL proporcionadas para obtener m\u00e1s informaci\u00f3n. <a href=\"https:\/\/transparency-in-coverage.uhc.com\/\">https:\/\/transparency-in-coverage.uhc.com\/<\/a><\/p>\t\t\t\t\t\t\t\t<\/div>\n\t\t\t\t<\/div>\n\t\t\t\t\t<\/div>\n\t\t\t\t<\/div>\n\t\t\t\t<\/div>","protected":false},"excerpt":{"rendered":"<p>CARRERAS EN NOX INNOVATIONS \u00bfNO ENCUENTRA LO QUE BUSCA? \u2013 EXPLORAR TODOS LOS EMPLEOS. Nox Innovations es propiedad de y est\u00e1 operada por Nox Group, una empresa de empresas distintivas que colaboran para impulsar la industria de la construcci\u00f3n. Nox Group cuenta con una larga trayectoria sirviendo a municipios, instalaciones de infraestructura cr\u00edtica y propietarios de instalaciones industriales. [\u2026]<\/p>","protected":false},"author":1,"featured_media":0,"parent":0,"menu_order":0,"comment_status":"closed","ping_status":"closed","template":"elementor_header_footer","meta":{"om_disable_all_campaigns":false,"_monsterinsights_skip_tracking":false,"_monsterinsights_sitenote_active":false,"_monsterinsights_sitenote_note":"","_monsterinsights_sitenote_category":0,"site-sidebar-layout":"no-sidebar","site-content-layout":"page-builder","ast-site-content-layout":"default","site-content-style":"default","site-sidebar-style":"default","ast-global-header-display":"","ast-banner-title-visibility":"","ast-main-header-display":"","ast-hfb-above-header-display":"","ast-hfb-below-header-display":"","ast-hfb-mobile-header-display":"","site-post-title":"disabled","ast-breadcrumbs-content":"","ast-featured-img":"disabled","footer-sml-layout":"","ast-disable-related-posts":"","theme-transparent-header-meta":"","adv-header-id-meta":"","stick-header-meta":"","header-above-stick-meta":"","header-main-stick-meta":"","header-below-stick-meta":"","astra-migrate-meta-layouts":"default","ast-page-background-enabled":"default","ast-page-background-meta":{"desktop":{"background-color":"var(--ast-global-color-4)","background-image":"","background-repeat":"repeat","background-position":"center center","background-size":"auto","background-attachment":"scroll","background-type":"","background-media":"","overlay-type":"","overlay-color":"","overlay-opacity":"","overlay-gradient":""},"tablet":{"background-color":"","background-image":"","background-repeat":"repeat","background-position":"center center","background-size":"auto","background-attachment":"scroll","background-type":"","background-media":"","overlay-type":"","overlay-color":"","overlay-opacity":"","overlay-gradient":""},"mobile":{"background-color":"","background-image":"","background-repeat":"repeat","background-position":"center center","background-size":"auto","background-attachment":"scroll","background-type":"","background-media":"","overlay-type":"","overlay-color":"","overlay-opacity":"","overlay-gradient":""}},"ast-content-background-meta":{"desktop":{"background-color":"var(--ast-global-color-5)","background-image":"","background-repeat":"repeat","background-position":"center center","background-size":"auto","background-attachment":"scroll","background-type":"","background-media":"","overlay-type":"","overlay-color":"","overlay-opacity":"","overlay-gradient":""},"tablet":{"background-color":"var(--ast-global-color-5)","background-image":"","background-repeat":"repeat","background-position":"center center","background-size":"auto","background-attachment":"scroll","background-type":"","background-media":"","overlay-type":"","overlay-color":"","overlay-opacity":"","overlay-gradient":""},"mobile":{"background-color":"var(--ast-global-color-5)","background-image":"","background-repeat":"repeat","background-position":"center center","background-size":"auto","background-attachment":"scroll","background-type":"","background-media":"","overlay-type":"","overlay-color":"","overlay-opacity":"","overlay-gradient":""}},"footnotes":""},"class_list":["post-1396","page","type-page","status-publish","hentry"],"aioseo_notices":[],"_links":{"self":[{"href":"https:\/\/noxinnovations.us\/es\/wp-json\/wp\/v2\/pages\/1396","targetHints":{"allow":["GET"]}}],"collection":[{"href":"https:\/\/noxinnovations.us\/es\/wp-json\/wp\/v2\/pages"}],"about":[{"href":"https:\/\/noxinnovations.us\/es\/wp-json\/wp\/v2\/types\/page"}],"author":[{"embeddable":true,"href":"https:\/\/noxinnovations.us\/es\/wp-json\/wp\/v2\/users\/1"}],"replies":[{"embeddable":true,"href":"https:\/\/noxinnovations.us\/es\/wp-json\/wp\/v2\/comments?post=1396"}],"version-history":[{"count":239,"href":"https:\/\/noxinnovations.us\/es\/wp-json\/wp\/v2\/pages\/1396\/revisions"}],"predecessor-version":[{"id":6673,"href":"https:\/\/noxinnovations.us\/es\/wp-json\/wp\/v2\/pages\/1396\/revisions\/6673"}],"wp:attachment":[{"href":"https:\/\/noxinnovations.us\/es\/wp-json\/wp\/v2\/media?parent=1396"}],"curies":[{"name":"wp","href":"https:\/\/api.w.org\/{rel}","templated":true}]}}