{"id":3,"date":"2021-08-16T09:11:11","date_gmt":"2021-08-16T09:11:11","guid":{"rendered":"http:\/\/www.constructionlabels.com\/newnox\/?page_id=3"},"modified":"2025-05-30T17:22:36","modified_gmt":"2025-05-30T17:22:36","slug":"privacy-policy","status":"publish","type":"page","link":"https:\/\/noxinnovations.us\/es\/privacy-policy\/","title":{"rendered":"pol\u00edtica de privacidad"},"content":{"rendered":"<div data-elementor-type=\"wp-page\" data-elementor-id=\"3\" class=\"elementor elementor-3\" data-elementor-post-type=\"page\">\n\t\t\t\t\t\t<section class=\"elementor-section elementor-top-section elementor-element elementor-element-465ab7f elementor-section-full_width elementor-section-height-default elementor-section-height-default\" data-id=\"465ab7f\" data-element_type=\"section\" data-e-type=\"section\" data-settings=\"{&quot;background_background&quot;:&quot;classic&quot;}\">\n\t\t\t\t\t\t<div class=\"elementor-container elementor-column-gap-default\">\n\t\t\t\t\t<div class=\"elementor-column elementor-col-100 elementor-top-column elementor-element elementor-element-17611d6e\" data-id=\"17611d6e\" data-element_type=\"column\" data-e-type=\"column\">\n\t\t\t<div class=\"elementor-widget-wrap elementor-element-populated\">\n\t\t\t\t\t\t<div class=\"elementor-element elementor-element-73328c66 elementor-widget elementor-widget-text-editor\" data-id=\"73328c66\" data-element_type=\"widget\" data-e-type=\"widget\" data-widget_type=\"text-editor.default\">\n\t\t\t\t<div class=\"elementor-widget-container\">\n\t\t\t\t\t\t\t\t\t<h3>POL\u00cdTICA DE PRIVACIDAD<\/h3><div>\u00a0<\/div><p>Este aviso de privacidad revela las pr\u00e1cticas de privacidad de https:\/\/noxinnovations.us. Este aviso de privacidad se aplica \u00fanicamente a la informaci\u00f3n recopilada por este sitio web, excepto cuando se indique lo contrario.\u00a0<\/p><p><b>Le notificar\u00e1 lo siguiente: <br \/><\/b>Qu\u00e9 informaci\u00f3n recopilamos; <br \/>Con qui\u00e9n se comparte; <br \/>\u00bfC\u00f3mo se puede corregir? <br \/>\u00bfC\u00f3mo se asegura? <br \/>C\u00f3mo se comunicar\u00e1n los cambios de pol\u00edticas; <br \/>C\u00f3mo abordar las preocupaciones sobre el uso indebido de datos personales.<\/p><p><b>Recopilaci\u00f3n, uso y compartici\u00f3n de informaci\u00f3n <br \/><\/b>Somos los \u00fanicos propietarios de la informaci\u00f3n recopilada en este sitio. Solo tenemos acceso a la informaci\u00f3n que usted nos proporciona voluntariamente por correo electr\u00f3nico u otro contacto directo. No venderemos ni alquilaremos esta informaci\u00f3n a nadie. Utilizaremos su informaci\u00f3n para responderle sobre el motivo de su contacto. No compartiremos su informaci\u00f3n con terceros fuera de nuestra organizaci\u00f3n, salvo cuando sea necesario para atender su solicitud, por ejemplo, una solicitud de empleo o una solicitud de contacto. A menos que nos solicite lo contrario, podr\u00edamos contactarle por correo electr\u00f3nico en el futuro para informarle sobre ofertas especiales, nuevos productos o servicios, o cambios en esta pol\u00edtica de privacidad.<\/p><p><b>Su acceso y control sobre la informaci\u00f3n <br \/><\/b>Puede optar por no recibir m\u00e1s comunicaciones nuestras en cualquier momento. Puede hacerlo contact\u00e1ndonos a trav\u00e9s de la direcci\u00f3n de correo electr\u00f3nico que aparece en nuestro sitio web: info@noxinnovations.us. Puede consultar qu\u00e9 datos tenemos sobre usted, si los hay. Puede modificar o corregir cualquier dato que tengamos sobre usted. Puede solicitarnos que eliminemos cualquier dato que tengamos sobre usted. Puede expresar cualquier inquietud que tenga sobre el uso que hacemos de sus datos.\u00a0<\/p><p><b>Seguridad<\/b> <br \/>Tomamos precauciones para proteger su informaci\u00f3n. Cuando env\u00eda informaci\u00f3n confidencial a trav\u00e9s del sitio web, su informaci\u00f3n est\u00e1 protegida tanto en l\u00ednea como fuera de l\u00ednea. Dondequiera que recopilemos informaci\u00f3n confidencial, dicha informaci\u00f3n se encripta y se nos transmite de manera segura. Puede verificar esto buscando un \u00edcono de candado cerrado en su navegador web o buscando &quot;https&quot; al comienzo de la direcci\u00f3n de la p\u00e1gina web. Si bien utilizamos encriptaci\u00f3n para proteger la informaci\u00f3n confidencial transmitida en l\u00ednea, tambi\u00e9n protegemos su informaci\u00f3n fuera de l\u00ednea. Solo los empleados que necesitan la informaci\u00f3n para realizar un trabajo espec\u00edfico (por ejemplo, facturaci\u00f3n o servicio al cliente) tienen acceso a informaci\u00f3n de identificaci\u00f3n personal. Las computadoras\/servidores en los que almacenamos informaci\u00f3n de identificaci\u00f3n personal se mantienen en un entorno seguro.<\/p><p><span style=\"font-style: inherit; color: var( --e-global-color-astglobalcolor4 );\"><b>Galletas <br \/><\/b><\/span><span style=\"color: var( --e-global-color-astglobalcolor4 ); font-style: inherit; font-weight: inherit;\">En este sitio utilizamos \u201ccookies\u201d. Una cookie es un fragmento de datos que se almacena en el ordenador del visitante del sitio para ayudarnos a mejorar su acceso a nuestro sitio e identificar a los visitantes habituales. Las cookies tambi\u00e9n nos permiten rastrear y orientar los intereses de nuestros usuarios para mejorar su experiencia en nuestro sitio. El uso de una cookie no est\u00e1 vinculado de ninguna manera a ninguna informaci\u00f3n de identificaci\u00f3n personal en nuestro sitio.<\/span><\/p><p><b>Intercambio <br \/><\/b>No compartimos informaci\u00f3n demogr\u00e1fica agregada con terceros. Esta no est\u00e1 vinculada a ning\u00fan dato personal que pueda identificar a una persona en particular.<\/p><p><b>Formularios web <br \/><\/b>De vez en cuando, nuestro sitio solicita informaci\u00f3n a trav\u00e9s de formularios web. La participaci\u00f3n en estas solicitudes de contacto es completamente voluntaria y usted puede elegir si desea participar o no y, por lo tanto, divulgar esta informaci\u00f3n. La informaci\u00f3n solicitada puede incluir informaci\u00f3n de contacto (como nombre y direcci\u00f3n) e informaci\u00f3n demogr\u00e1fica (como c\u00f3digo postal, nivel de edad). La informaci\u00f3n de contacto se utilizar\u00e1 para notificar al solicitante de contacto. La informaci\u00f3n de la encuesta se utilizar\u00e1 con el fin de monitorear o mejorar el uso y la satisfacci\u00f3n de este sitio.<\/p><p><b>Contenido incrustado de otros sitios web <br \/><\/b>Los art\u00edculos de este sitio pueden incluir contenido incrustado (p. ej., v\u00eddeos, im\u00e1genes, art\u00edculos, redes sociales, etc.). El contenido incrustado de otros sitios web se comporta exactamente igual que si el visitante hubiera visitado el otro sitio web. Estos sitios web pueden recopilar datos sobre usted, utilizar cookies, incrustar seguimiento adicional de terceros y supervisar su interacci\u00f3n con dicho contenido incrustado, incluido el seguimiento de su interacci\u00f3n con dicho contenido si tiene una cuenta y ha iniciado sesi\u00f3n en ese sitio web.<\/p><div data-block-id=\"block-ed0f53cf-592f-4f32-9759-3b8f06457981\"><strong>T\u00e9rminos de SMS<\/strong><\/div><div data-block-id=\"block-4aaa3137-cb04-43bf-9624-85aa6bc708bb\">Nox Group, LLC, tambi\u00e9n conocido como Nox Group o cualquiera de sus compa\u00f1\u00edas operadoras, le ofrece la opci\u00f3n de participar en conversaciones por SMS sobre su solicitud de empleo. Al participar, usted tambi\u00e9n comprende que la frecuencia de los mensajes puede variar seg\u00fan el estado de su solicitud de empleo y que pueden aplicarse tarifas por mensajes y datos. Consulte con su operador para obtener m\u00e1s informaci\u00f3n sobre las tarifas y cargos aplicables. Los operadores no se responsabilizan de los mensajes retrasados o no entregados. Responda &quot;STOP&quot; para cancelar y &quot;HELP&quot; para obtener ayuda.<\/div><p style=\"margin-bottom: 1em;\">\u00a0<\/p><div data-block-id=\"block-d225870b-2ec4-4771-aa99-026e0360d7f1\">Al optar por recibir mensajes de texto SMS sobre su solicitud de empleo, usted reconoce y acepta que sus datos de consentimiento, n\u00famero de tel\u00e9fono m\u00f3vil e informaci\u00f3n personal se recopilar\u00e1n y almacenar\u00e1n \u00fanicamente con el fin de proporcionarle actualizaciones e informaci\u00f3n relacionada con su solicitud. No se compartir\u00e1 informaci\u00f3n m\u00f3vil con terceros ni afiliados con fines de marketing ni promocionales. Todas las categor\u00edas anteriores excluyen los datos de consentimiento y la autorizaci\u00f3n del remitente de los mensajes de texto; esta informaci\u00f3n no se compartir\u00e1 con terceros.<\/div><p><b>Cambios de pol\u00edtica <\/b>Cualquier actualizaci\u00f3n o cambio a esta pol\u00edtica de privacidad se realizar\u00e1 sin previo aviso a menos que lo solicite una persona.\u00a0<\/p><p>\u00daltima actualizaci\u00f3n 30\/05\/2025<\/p>\t\t\t\t\t\t\t\t<\/div>\n\t\t\t\t<\/div>\n\t\t\t\t\t<\/div>\n\t\t<\/div>\n\t\t\t\t\t<\/div>\n\t\t<\/section>\n\t\t\t\t<\/div>","protected":false},"excerpt":{"rendered":"<p>POL\u00cdTICA DE PRIVACIDAD. Este aviso de privacidad describe las pr\u00e1cticas de privacidad de https:\/\/noxinnovations.us. Este aviso de privacidad se aplica \u00fanicamente a la informaci\u00f3n recopilada por este sitio web, salvo que se indique lo contrario. Le informar\u00e1 sobre lo siguiente: qu\u00e9 informaci\u00f3n recopilamos; con qui\u00e9n la compartimos; c\u00f3mo podemos corregirla; c\u00f3mo la protegemos; c\u00f3mo se modifican las pol\u00edticas [\u2026]<\/p>","protected":false},"author":1,"featured_media":0,"parent":0,"menu_order":0,"comment_status":"closed","ping_status":"open","template":"elementor_header_footer","meta":{"om_disable_all_campaigns":false,"_monsterinsights_skip_tracking":false,"_monsterinsights_sitenote_active":false,"_monsterinsights_sitenote_note":"","_monsterinsights_sitenote_category":0,"site-sidebar-layout":"default","site-content-layout":"","ast-site-content-layout":"default","site-content-style":"default","site-sidebar-style":"default","ast-global-header-display":"","ast-banner-title-visibility":"","ast-main-header-display":"","ast-hfb-above-header-display":"","ast-hfb-below-header-display":"","ast-hfb-mobile-header-display":"","site-post-title":"","ast-breadcrumbs-content":"","ast-featured-img":"","footer-sml-layout":"","ast-disable-related-posts":"","theme-transparent-header-meta":"","adv-header-id-meta":"","stick-header-meta":"","header-above-stick-meta":"","header-main-stick-meta":"","header-below-stick-meta":"","astra-migrate-meta-layouts":"default","ast-page-background-enabled":"default","ast-page-background-meta":{"desktop":{"background-color":"var(--ast-global-color-4)","background-image":"","background-repeat":"repeat","background-position":"center center","background-size":"auto","background-attachment":"scroll","background-type":"","background-media":"","overlay-type":"","overlay-color":"","overlay-opacity":"","overlay-gradient":""},"tablet":{"background-color":"","background-image":"","background-repeat":"repeat","background-position":"center center","background-size":"auto","background-attachment":"scroll","background-type":"","background-media":"","overlay-type":"","overlay-color":"","overlay-opacity":"","overlay-gradient":""},"mobile":{"background-color":"","background-image":"","background-repeat":"repeat","background-position":"center center","background-size":"auto","background-attachment":"scroll","background-type":"","background-media":"","overlay-type":"","overlay-color":"","overlay-opacity":"","overlay-gradient":""}},"ast-content-background-meta":{"desktop":{"background-color":"var(--ast-global-color-5)","background-image":"","background-repeat":"repeat","background-position":"center center","background-size":"auto","background-attachment":"scroll","background-type":"","background-media":"","overlay-type":"","overlay-color":"","overlay-opacity":"","overlay-gradient":""},"tablet":{"background-color":"var(--ast-global-color-5)","background-image":"","background-repeat":"repeat","background-position":"center center","background-size":"auto","background-attachment":"scroll","background-type":"","background-media":"","overlay-type":"","overlay-color":"","overlay-opacity":"","overlay-gradient":""},"mobile":{"background-color":"var(--ast-global-color-5)","background-image":"","background-repeat":"repeat","background-position":"center center","background-size":"auto","background-attachment":"scroll","background-type":"","background-media":"","overlay-type":"","overlay-color":"","overlay-opacity":"","overlay-gradient":""}},"footnotes":""},"class_list":["post-3","page","type-page","status-publish","hentry"],"aioseo_notices":[],"_links":{"self":[{"href":"https:\/\/noxinnovations.us\/es\/wp-json\/wp\/v2\/pages\/3","targetHints":{"allow":["GET"]}}],"collection":[{"href":"https:\/\/noxinnovations.us\/es\/wp-json\/wp\/v2\/pages"}],"about":[{"href":"https:\/\/noxinnovations.us\/es\/wp-json\/wp\/v2\/types\/page"}],"author":[{"embeddable":true,"href":"https:\/\/noxinnovations.us\/es\/wp-json\/wp\/v2\/users\/1"}],"replies":[{"embeddable":true,"href":"https:\/\/noxinnovations.us\/es\/wp-json\/wp\/v2\/comments?post=3"}],"version-history":[{"count":15,"href":"https:\/\/noxinnovations.us\/es\/wp-json\/wp\/v2\/pages\/3\/revisions"}],"predecessor-version":[{"id":6737,"href":"https:\/\/noxinnovations.us\/es\/wp-json\/wp\/v2\/pages\/3\/revisions\/6737"}],"wp:attachment":[{"href":"https:\/\/noxinnovations.us\/es\/wp-json\/wp\/v2\/media?parent=3"}],"curies":[{"name":"wp","href":"https:\/\/api.w.org\/{rel}","templated":true}]}}